{"id":17,"date":"2020-03-09T09:06:13","date_gmt":"2020-03-09T09:06:13","guid":{"rendered":"https:\/\/lagar.vamtam.com\/?page_id=17"},"modified":"2025-05-18T13:41:28","modified_gmt":"2025-05-18T13:41:28","slug":"vinu-klasts","status":"publish","type":"page","link":"https:\/\/tevinumajasvins.lv\/en\/vinu-klasts\/","title":{"rendered":"V\u012bnu kl\u0101sts"},"content":{"rendered":"<div data-elementor-type=\"wp-page\" data-elementor-id=\"17\" class=\"elementor elementor-17\">\n\t\t\t\t\t\t\t\t\t<section class=\"elementor-section elementor-top-section elementor-element elementor-element-c3c5487 elementor-section-height-min-height elementor-section-content-bottom elementor-section-boxed elementor-section-height-default elementor-section-items-middle\" data-id=\"c3c5487\" data-element_type=\"section\" data-settings=\"{&quot;background_background&quot;:&quot;classic&quot;}\">\n\t\t\t\t\t\t\t<div class=\"elementor-background-overlay\"><\/div>\n\t\t\t\t\t\t\t<div class=\"elementor-container elementor-column-gap-default\">\n\t\t\t\t\t<div class=\"elementor-column elementor-col-100 elementor-top-column elementor-element elementor-element-153c8f8\" data-id=\"153c8f8\" data-element_type=\"column\">\n\t\t\t<div class=\"elementor-widget-wrap elementor-element-populated\">\n\t\t\t\t\t\t\t\t<div class=\"elementor-element elementor-element-f3b11ab elementor-headline--style-blurred_letters animated-slow elementor-invisible elementor-widget elementor-widget-vamtam-animated-headline\" data-id=\"f3b11ab\" data-element_type=\"widget\" data-settings=\"{&quot;headline_style&quot;:&quot;blurred_letters&quot;,&quot;vamtam_text&quot;:&quot;V\\u012bnu kl\\u0101sts&quot;,&quot;_animation&quot;:&quot;fadeInUp&quot;}\" data-widget_type=\"vamtam-animated-headline.default\">\n\t\t\t\t<div class=\"elementor-widget-container\">\n\t\t\t<link rel=\"stylesheet\" href=\"https:\/\/tevinumajasvins.lv\/wp-content\/plugins\/pro-elements\/assets\/css\/widget-animated-headline.min.css\">\t\t\t\t<h1 class=\"elementor-headline\">\n\t\t\t\t\t\t\t\t\t\t\t\t\t\t\t\t\t\t\t\t\t\t\t\t<span class=\"vamtam-word\">\t\t\t\t\t\t\t\t\t\t\t\t\t\t\t<span class=\"vamtam-letter blurred\" data-delay=\"0.17\">V<\/span>\n\t\t\t\t\t\t\t\t\t\t\t\t\t\t\t\t\t\t\t\t\t\t\t\t\t\t\t\t\t\t\t\t\t\t\t<span class=\"vamtam-letter\">\u012b<\/span>\n\t\t\t\t\t\t\t\t\t\t\t\t\t\t\t\t\t\t\t\t\t\t\t\t\t\t\t\t\t\t\t\t\t\t\t<span class=\"vamtam-letter\">n<\/span>\n\t\t\t\t\t\t\t\t\t\t\t\t\t\t\t\t\t\t\t\t\t\t\t\t\t\t\t\t\t\t\t\t\t\t\t<span class=\"vamtam-letter\">u<\/span>\n\t\t\t\t\t\t\t\t\t\t\t\t\t\t\t\t\t\t\t\t<\/span> \t\t\t\t\t\t\t<span class=\"vamtam-word\">\t\t\t\t\t\t\t\t\t\t\t\t\t\t\t<span class=\"vamtam-letter\">k<\/span>\n\t\t\t\t\t\t\t\t\t\t\t\t\t\t\t\t\t\t\t\t\t\t\t\t\t\t\t\t\t\t\t\t\t\t\t<span class=\"vamtam-letter\">l<\/span>\n\t\t\t\t\t\t\t\t\t\t\t\t\t\t\t\t\t\t\t\t\t\t\t\t\t\t\t\t\t\t\t\t\t\t\t<span class=\"vamtam-letter\">\u0101<\/span>\n\t\t\t\t\t\t\t\t\t\t\t\t\t\t\t\t\t\t\t\t\t\t\t\t\t\t\t\t\t\t\t\t\t\t\t<span class=\"vamtam-letter\">s<\/span>\n\t\t\t\t\t\t\t\t\t\t\t\t\t\t\t\t\t\t\t\t\t\t\t\t\t\t\t\t\t\t\t\t\t\t\t<span class=\"vamtam-letter\">t<\/span>\n\t\t\t\t\t\t\t\t\t\t\t\t\t\t\t\t\t\t\t\t\t\t\t\t\t\t\t\t\t\t\t\t\t\t\t<span class=\"vamtam-letter\">s<\/span>\n\t\t\t\t\t\t\t\t\t\t\t\t\t\t\t\t\t\t\t<\/span>\t\t\t\t\t\t\t\t\t<\/h1>\n\t\t\t\t\t\t<\/div>\n\t\t\t\t<\/div>\n\t\t\t\t\t<\/div>\n\t\t<\/div>\n\t\t\t\t\t\t\t<\/div>\n\t\t<\/section>\n\t\t\t\t<section class=\"elementor-section elementor-top-section elementor-element elementor-element-b935162 elementor-section-height-min-height elementor-section-boxed elementor-section-height-default elementor-section-items-middle\" data-id=\"b935162\" data-element_type=\"section\">\n\t\t\t\t\t\t<div class=\"elementor-container elementor-column-gap-default\">\n\t\t\t\t\t<div class=\"elementor-column elementor-col-100 elementor-top-column elementor-element elementor-element-e016081\" data-id=\"e016081\" data-element_type=\"column\">\n\t\t\t<div class=\"elementor-widget-wrap elementor-element-populated\">\n\t\t\t\t\t\t\t\t<div class=\"elementor-element elementor-element-0bb1764 elementor-absolute elementor-widget elementor-widget-image\" data-id=\"0bb1764\" data-element_type=\"widget\" data-settings=\"{&quot;_position&quot;:&quot;absolute&quot;}\" data-widget_type=\"image.default\">\n\t\t\t\t<div class=\"elementor-widget-container\">\n\t\t\t<style>\/*! elementor - v3.11.2 - 22-02-2023 *\/\n.elementor-widget-image{text-align:center}.elementor-widget-image a{display:inline-block}.elementor-widget-image a img[src$=\".svg\"]{width:48px}.elementor-widget-image img{vertical-align:middle;display:inline-block}<\/style>\t\t\t\t<div class=\"elementor-image\">\n\t\t\t\t\t\t\t\t\t\t\t\t\t\t\t\t\t\t\t\t\t<img width=\"178\" height=\"281\" src=\"https:\/\/tevinumajasvins.lv\/wp-content\/uploads\/2020\/03\/Vector.png\" class=\"attachment-large size-large wp-image-583\" alt=\"\" loading=\"lazy\" \/>\t\t\t\t\t\t\t\t\t\t\t\t\t\t\t\t\t\t\t\t\t\t\t\t<\/div>\n\t\t\t\t\t\t<\/div>\n\t\t\t\t<\/div>\n\t\t\t\t<div class=\"elementor-element elementor-element-d425b8c elementor-widget elementor-widget-text-editor\" data-id=\"d425b8c\" data-element_type=\"widget\" data-widget_type=\"text-editor.default\">\n\t\t\t\t<div class=\"elementor-widget-container\">\n\t\t\t<style>\/*! elementor - v3.11.2 - 22-02-2023 *\/\n.elementor-widget-text-editor.elementor-drop-cap-view-stacked .elementor-drop-cap{background-color:#818a91;color:#fff}.elementor-widget-text-editor.elementor-drop-cap-view-framed .elementor-drop-cap{color:#818a91;border:3px solid;background-color:transparent}.elementor-widget-text-editor:not(.elementor-drop-cap-view-default) .elementor-drop-cap{margin-top:8px}.elementor-widget-text-editor:not(.elementor-drop-cap-view-default) .elementor-drop-cap-letter{width:1em;height:1em}.elementor-widget-text-editor .elementor-drop-cap{float:left;text-align:center;line-height:1;font-size:50px}.elementor-widget-text-editor .elementor-drop-cap-letter{display:inline-block}<\/style>\t\t\t\t<p>V\u012bniem kuri nop\u0113rkami v\u012bna dar\u012btavas veikal\u0101 cenas interv\u0101l\u0101 no 9 &#8211; 18\u20ac.<br \/>Gr\u0101d\u012bgajiem dz\u0113rieniem no 7 &#8211; 59\u20ac.<\/p><p><a href=\"https:\/\/tevinumajasvins.lv\/en\/kur-iegadaties\/\">Pilnu sarakstu ar veikaliem citviet Latvij\u0101 var atrast \u0161eit.<\/a><\/p>\t\t\t\t\t\t<\/div>\n\t\t\t\t<\/div>\n\t\t\t\t\t<\/div>\n\t\t<\/div>\n\t\t\t\t\t\t\t<\/div>\n\t\t<\/section>\n\t\t\t\t<section class=\"elementor-section elementor-top-section elementor-element elementor-element-ebbd9f5 elementor-section-boxed elementor-section-height-default elementor-section-height-default\" data-id=\"ebbd9f5\" data-element_type=\"section\">\n\t\t\t\t\t\t<div class=\"elementor-container elementor-column-gap-default\">\n\t\t\t\t\t<div class=\"elementor-column elementor-col-100 elementor-top-column elementor-element elementor-element-cb0594a\" data-id=\"cb0594a\" data-element_type=\"column\">\n\t\t\t<div class=\"elementor-widget-wrap elementor-element-populated\">\n\t\t\t\t\t\t\t\t<div class=\"elementor-element elementor-element-9ac271a elementor-widget elementor-widget-text-editor\" data-id=\"9ac271a\" data-element_type=\"widget\" data-widget_type=\"text-editor.default\">\n\t\t\t\t<div class=\"elementor-widget-container\">\n\t\t\t\t\t\t\t<p><strong>Ave\u0146u dzirksto\u0161ais v\u012bns (sauss, pussalds)<\/strong><\/p>\n<p><strong>Ave\u0146u v\u012bns (sauss, salds, pussalds)<\/strong><\/p>\n<p><strong>Ave\u0146u v\u012bna balzams (salds)<\/strong><\/p>\n<p><strong>Ave\u0146u \u2013 Aroniju v\u012bns (pussalds)<\/strong><\/p>\n<p><strong>Ave\u0146u karstv\u012bns (salds)<\/strong><\/p>\n<p><strong>Aroniju v\u012bns (sauss, pussauss, salds)<\/strong><\/p>\n<p><strong>Br\u016bkle\u0146u \u2013 medus v\u012bns (pussalds)<\/strong><\/p>\n<p><strong>\u0112rk\u0161\u0137ogu dzirksto\u0161ais v\u012bns (pussalds)<\/strong><\/p>\n<p><strong>\u0112rk\u0161\u0137ogu v\u012bns (pussauss, pussalds, salds)<\/strong><\/p>\n<p><strong>\u0136ir\u0161u v\u012bns (pussalds)<\/strong><\/p>\n<p><strong>Melle\u0146u v\u012bns (sauss, salds)<\/strong><\/p>\n<p><strong>Piene\u0146u v\u012bns (sauss, pussalds)<\/strong><\/p>\n<p><strong>P\u012bl\u0101d\u017eu (me\u017ea) v\u012bns (pussauss)<\/strong><\/p>\n<p><strong>Pl\u016bmju (pussalds)<\/strong><\/p>\n<p><strong>Pl\u016b\u0161koka \u2013 \u0100bolu v\u012bns (pussauss, salds)<\/strong><\/p>\n<p><strong>Rabarberu v\u012bns (sauss, pussalds)<\/strong><\/p>\n<p><strong>Upe\u0146u \u2013 J\u0101\u0146ogu v\u012bns (sauss, salds)<\/strong><\/p>\n<p><strong>Zeme\u0146u v\u012bns (salds)<\/strong><\/p>\n<p><strong>Rondo (sauss sarkanv\u012bns)<\/strong><\/p>\n<p><strong>Precoce Noir (sauss sarkanv\u012bns)<\/strong><\/p>\n<p><strong>Valiants (sauss)<\/strong><\/p>\n<p><strong>Zilga (sauss sarkanv\u012bns)<\/strong><\/p>\n<p><strong>Solaris Sukribe Supaga (sauss baltv\u012bns)&nbsp;<\/strong><\/p>\n<p><strong>Somerset (pussalds roz\u0101 v\u012bns)&nbsp;<\/strong><\/p>\n<p><strong>Daudz\u0101bols (40% stiprais dz\u0113riens)<\/strong><\/p>\n<p><strong>Degv\u012bns (40% stiprais dz\u0113riens)<\/strong><\/p>\n<p><strong>Antons (32% \u0101bolu li\u0137ieris)<\/strong><\/p>\n<p><strong>Ave\u0146u li\u0137ieris (18%)<\/strong><\/p>\t\t\t\t\t\t<\/div>\n\t\t\t\t<\/div>\n\t\t\t\t\t<\/div>\n\t\t<\/div>\n\t\t\t\t\t\t\t<\/div>\n\t\t<\/section>\n\t\t\t\t\t\t\t<\/div>","protected":false},"excerpt":{"rendered":"<p>V \u012b n u k l \u0101 s t s V\u012bniem kuri nop\u0113rkami v\u012bna dar\u012btavas veikal\u0101 cenas interv\u0101l\u0101 no 9 &#8211; 18\u20ac.Gr\u0101d\u012bgajiem dz\u0113rieniem no 7 &#8211; 59\u20ac. Pilnu sarakstu ar veikaliem citviet Latvij\u0101 var atrast \u0161eit. Ave\u0146u dzirksto\u0161ais v\u012bns (sauss, pussalds) Ave\u0146u v\u012bns (sauss, salds, pussalds) Ave\u0146u v\u012bna balzams (salds) Ave\u0146u \u2013 Aroniju v\u012bns (pussalds)&#8230;<\/p>","protected":false},"author":1,"featured_media":0,"parent":0,"menu_order":0,"comment_status":"closed","ping_status":"closed","template":"","meta":[],"_links":{"self":[{"href":"https:\/\/tevinumajasvins.lv\/en\/wp-json\/wp\/v2\/pages\/17"}],"collection":[{"href":"https:\/\/tevinumajasvins.lv\/en\/wp-json\/wp\/v2\/pages"}],"about":[{"href":"https:\/\/tevinumajasvins.lv\/en\/wp-json\/wp\/v2\/types\/page"}],"author":[{"embeddable":true,"href":"https:\/\/tevinumajasvins.lv\/en\/wp-json\/wp\/v2\/users\/1"}],"replies":[{"embeddable":true,"href":"https:\/\/tevinumajasvins.lv\/en\/wp-json\/wp\/v2\/comments?post=17"}],"version-history":[{"count":22,"href":"https:\/\/tevinumajasvins.lv\/en\/wp-json\/wp\/v2\/pages\/17\/revisions"}],"predecessor-version":[{"id":988180,"href":"https:\/\/tevinumajasvins.lv\/en\/wp-json\/wp\/v2\/pages\/17\/revisions\/988180"}],"wp:attachment":[{"href":"https:\/\/tevinumajasvins.lv\/en\/wp-json\/wp\/v2\/media?parent=17"}],"curies":[{"name":"wp","href":"https:\/\/api.w.org\/{rel}","templated":true}]}}